{"id":3,"date":"2026-02-16T14:32:11","date_gmt":"2026-02-16T13:32:11","guid":{"rendered":"https:\/\/koniecwymowek.pl\/?page_id=3"},"modified":"2026-02-18T18:11:39","modified_gmt":"2026-02-18T17:11:39","slug":"polityka-prywatnosci","status":"publish","type":"page","link":"https:\/\/koniecwymowek.pl\/?page_id=3","title":{"rendered":"Regulamin"},"content":{"rendered":"\t\t<div data-elementor-type=\"wp-page\" data-elementor-id=\"3\" class=\"elementor elementor-3\">\n\t\t\t\t<div class=\"elementor-element elementor-element-eb7d023 e-flex e-con-boxed e-con e-parent\" data-id=\"eb7d023\" data-element_type=\"container\" data-e-type=\"container\">\n\t\t\t\t\t<div class=\"e-con-inner\">\n\t\t<div class=\"elementor-element elementor-element-24ce2a2 e-con-full e-flex e-con e-child\" data-id=\"24ce2a2\" data-element_type=\"container\" data-e-type=\"container\">\n\t\t<div class=\"elementor-element elementor-element-3e34cb7 e-con-full e-flex e-con e-child\" data-id=\"3e34cb7\" data-element_type=\"container\" data-e-type=\"container\">\n\t\t\t\t<div class=\"elementor-element elementor-element-2c30b5b elementor-widget elementor-widget-text-editor\" data-id=\"2c30b5b\" data-element_type=\"widget\" data-e-type=\"widget\" data-widget_type=\"text-editor.default\">\n\t\t\t\t\t\t\t\t\t<h3><b>1. Dane Sprzedawcy<\/b><\/h3>\n<p>1. Sprzedawc\u0105 i w\u0142a\u015bcicielem Sklepu jest:<\/p>\n<p>Mateusz Kalinowski, zamieszka\u0142y: Po\u0142udniowa 18, Go\u015bcicino 84-241,<\/p>\n<p>e-mail kontaktowy: <u>wymoff.kontakt@gmail.com<\/u> .<\/p>\n<p>2. Sprzedawca prowadzi sprzeda\u017c jako <b>osoba fizyczna<\/b> (osoba prywatna).<\/p>\n<p>Niezale\u017cnie od braku zarejestrowanej dzia\u0142alno\u015bci gospodarczej, w relacjach z osobami fizycznymi kupuj\u0105cymi e-booka w celu niezwi\u0105zanym bezpo\u015brednio z ich dzia\u0142alno\u015bci\u0105 gospodarcz\u0105 lub zawodow\u0105, Sprzedawca traktuje ich jak <b>Konsument\u00f3w<\/b> w rozumieniu przepis\u00f3w prawa.<\/p>\n<h3>2<b>. Definicje<\/b><\/h3>\n<p>W Regulaminie u\u017cyte s\u0105 nast\u0119puj\u0105ce poj\u0119cia:<\/p>\n<p>1.<b> <\/b><u>Sklep<\/u> \u2013 strona internetowa Sprzedawcy dost\u0119pna pod adresem<\/p>\n<p>https:\/\/koniecwymowek.pl (oraz jej podstrony), s\u0142u\u017c\u0105ca do prezentacji i sprzeda\u017cy e-booka.<\/p>\n<p>2.<u> Sprzedawca<\/u> \u2013 osoba wskazana w pkt 1 Regulaminu.<\/p>\n<p>3. <u>Klient<\/u> \u2013 osoba fizyczna, osoba prawna lub jednostka organizacyjna sk\u0142adaj\u0105ca zam\u00f3wienie w Sklepie.<\/p>\n<p>4.<u> Konsument<\/u> \u2013 Klient b\u0119d\u0105cy osob\u0105 fizyczn\u0105 dokonuj\u0105c\u0105 z Sprzedawc\u0105 czynno\u015bci prawnej (zawarcia umowy) niezwi\u0105zanej bezpo\u015brednio z jej dzia\u0142alno\u015bci\u0105 gospodarcz\u0105 lub zawodow\u0105.<\/p>\n<p>5. <u>Przedsi\u0119biorca na prawach konsumenta<\/u> \u2013 osoba fizyczna prowadz\u0105ca dzia\u0142alno\u015b\u0107 gospodarcz\u0105, zawieraj\u0105ca umow\u0119 bezpo\u015brednio zwi\u0105zan\u0105 z t\u0105 dzia\u0142alno\u015bci\u0105, ale kt\u00f3ra nie ma dla niej charakteru zawodowego (art. 38a ustawy o prawach konsumenta).<\/p>\n<p>6.<u> Produkt<\/u> \u2013 e-book \u201eAnty-wym\u00f3wki. 25 najcz\u0119stszych blokad i gotowe kontr-strategie\u201d w postaci <b>tre\u015bci cyfrowej<\/b> (plik PDF lub inny format wskazany na stronie Produktu), dostarczany bez fizycznego no\u015bnika.<\/p>\n<p>7. <u>Umowa<\/u> \u2013 umowa sprzeda\u017cy\/dostarczenia tre\u015bci cyfrowej zawarta na odleg\u0142o\u015b\u0107 pomi\u0119dzy Sprzedawc\u0105 a Klientem za po\u015brednictwem Sklepu.<\/p>\n<p>8. <u>Dzie\u0144 roboczy<\/u> \u2013 ka\u017cdy dzie\u0144 od poniedzia\u0142ku do pi\u0105tku z wy\u0142\u0105czeniem dni ustawowo wolnych od pracy w Polsce.<\/p>\n<h3>3<b>. Postanowienia og\u00f3lne<\/b><\/h3>\n<p>1. Regulamin okre\u015bla zasady korzystania ze Sklepu, zasady sk\u0142adania zam\u00f3wie\u0144, p\u0142atno\u015bci, dostarczania Produktu, a tak\u017ce prawa i obowi\u0105zki Sprzedawcy oraz Klient\u00f3w.<\/p>\n<p>2. Warunkiem z\u0142o\u017cenia zam\u00f3wienia w Sklepie jest zapoznanie si\u0119 z Regulaminem i jego akceptacja przed z\u0142o\u017ceniem zam\u00f3wienia.<\/p>\n<p>3. Ceny podane w Sklepie s\u0105 wyra\u017cone w <b>z\u0142otych polskich (PLN)<\/b> i s\u0105 cenami brutto (zawieraj\u0105 wszelkie nale\u017cne podatki, je\u015bli s\u0105 wymagane).<\/p>\n<p>4. Sklep przeznaczony jest g\u0142\u00f3wnie dla Konsument\u00f3w oraz Przedsi\u0119biorc\u00f3w na prawach konsumenta. Pozostali Klienci (np. firmy) akceptuj\u0105, \u017ce zakres ich ochrony mo\u017ce by\u0107 w\u0119\u017cszy ni\u017c w przypadku Konsumenta.<\/p>\n<h3><b>4. Wymagania techniczne<\/b><\/h3>\n<p>1. Do korzystania ze Sklepu oraz pobrania e-booka niezb\u0119dne s\u0105:<\/p>\n<p>1. urz\u0105dzenie z dost\u0119pem do Internetu,<\/p>\n<p>2. aktualna przegl\u0105darka internetowa,<\/p>\n<p>3. aktywne konto poczty elektronicznej (e-mail),<\/p>\n<p>4. program umo\u017cliwiaj\u0105cy otwieranie plik\u00f3w w formacie PDF (lub innym formacie wskazanym przy Produkcie).<\/p>\n<p>2. Klient ponosi we w\u0142asnym zakresie koszty po\u0142\u0105czenia z Internetem zgodnie z umow\u0105 zawart\u0105 ze swoim operatorem.<\/p>\n<h3><b>5. Sk\u0142adanie zam\u00f3wie\u0144<\/b><\/h3>\n<p>1. Informacje o Produkcie zamieszczone w Sklepie stanowi\u0105 zaproszenie do zawarcia umowy w rozumieniu art. 71 Kodeksu cywilnego.<\/p>\n<p>2. Klient sk\u0142ada zam\u00f3wienie poprzez:<\/p>\n<p>1. wybranie Produktu i klikni\u0119cie przycisku typu <b>\u201eKup teraz\u201d<\/b> \/ <b>\u201eDodaj do koszyka\u201d<\/b>,<\/p>\n<p>2. wype\u0142nienie formularza zam\u00f3wienia (w szczeg\u00f3lno\u015bci podanie poprawnego adresu e-mail do dostarczenia Produktu),<\/p>\n<p>3. wyb\u00f3r metody p\u0142atno\u015bci,<\/p>\n<p>4. zapoznanie si\u0119 z Regulaminem i jego akceptacj\u0119,<\/p>\n<p>5. klikni\u0119cie przycisku finalizuj\u0105cego zam\u00f3wienie, np. <b>\u201eZ\u0142\u00f3\u017c zam\u00f3wienie i zap\u0142a\u0107\u201d.<\/b><\/p>\n<p>3. Z chwil\u0105 skutecznego dokonania p\u0142atno\u015bci dochodzi do zawarcia Umowy pomi\u0119dzy Klientem a Sprzedawc\u0105.<\/p>\n<p>4. Sprzedawca mo\u017ce odm\u00f3wi\u0107 realizacji zam\u00f3wienia lub je anulowa\u0107 w sytuacjach oczywistego nadu\u017cycia (np. podanie ra\u017c\u0105co nieprawid\u0142owego adresu e-mail uniemo\u017cliwiaj\u0105cego dostarczenie Produktu).<\/p>\n<h3><b>6. P\u0142atno\u015bci<\/b><\/h3>\n<p>1. Dost\u0119pne metody p\u0142atno\u015bci s\u0105 ka\u017cdorazowo wskazane na stronie Sklepu przy sk\u0142adaniu zam\u00f3wienia. W szczeg\u00f3lno\u015bci mog\u0105 to by\u0107:<\/p>\n<p>o p\u0142atno\u015b\u0107 kart\u0105 p\u0142atnicz\u0105,<\/p>\n<p>o BLIK,<\/p>\n<p>o inne formy p\u0142atno\u015bci obs\u0142ugiwane przez operatora p\u0142atno\u015bci (np. Stripe).<\/p>\n<p>2. Obs\u0142ug\u0119 p\u0142atno\u015bci elektronicznych realizuje zewn\u0119trzny operator p\u0142atno\u015bci. Dane p\u0142atnicze Klienta (np. numer karty) s\u0105 przetwarzane przez tego operatora zgodnie z jego regulaminem i polityk\u0105 prywatno\u015bci.<\/p>\n<p>3. P\u0142atno\u015b\u0107 jest dokonywana z <b>g\u00f3ry <\/b>(przed dostarczeniem Produktu).<\/p>\n<p>4. Brak zaksi\u0119gowania p\u0142atno\u015bci w okre\u015blonym czasie mo\u017ce skutkowa\u0107 anulowaniem zam\u00f3wienia.<\/p>\n<h3><b>7. Realizacja zam\u00f3wienia i dostarczenie e-booka<\/b><\/h3>\n<p>1. Produkt ma posta\u0107 tre\u015bci cyfrowej dostarczanej bez no\u015bnika materialnego.<\/p>\n<p>2. Po skutecznym op\u0142aceniu zam\u00f3wienia:<\/p>\n<p>1. Klient otrzymuje na podany adres e-mail wiadomo\u015b\u0107 z potwierdzeniem zakupu oraz linkiem do pobrania e-booka <b>lub<\/b><\/p>\n<p>2. jest przekierowywany na stron\u0119 z mo\u017cliwo\u015bci\u0105 pobrania pliku.<\/p>\n<p>3. Sprzedawca dok\u0142ada stara\u0144, aby e-book by\u0142 dost\u0119pny do pobrania <b>niezw\u0142ocznie po zaksi\u0119gowaniu p\u0142atno\u015bci<\/b>, najp\u00f3\u017aniej w ci\u0105gu 24 godzin.<\/p>\n<p>4. Je\u017celi Klient nie otrzyma wiadomo\u015bci z e-bookiem w ci\u0105gu 24 godzin od dokonania p\u0142atno\u015bci, powinien skontaktowa\u0107 si\u0119 ze Sprzedawc\u0105 na adres e-mail wskazany w Regulaminie.<\/p>\n<p>5. Klient jest zobowi\u0105zany do przechowywania e-booka w bezpiecznym miejscu. Sprzedawca nie ma obowi\u0105zku udost\u0119pniania linku do pobrania ponownie, je\u015bli zosta\u0142 utracony, cho\u0107 mo\u017ce to zrobi\u0107 dobrowolnie.<\/p>\n<h3><b>8. Licencja i prawa autorskie<\/b><\/h3>\n<p>1. Produkt jest chroniony przepisami prawa autorskiego. Autorskie prawa maj\u0105tkowe do e-booka przys\u0142uguj\u0105 Sprzedawcy lub innym uprawnionym podmiotom.<\/p>\n<p>2. Z chwil\u0105 zakupu Klient otrzymuje <b>niewy\u0142\u0105czn\u0105, niezbywaln\u0105 licencj\u0119<\/b> na korzystanie z e-booka wy\u0142\u0105cznie do w\u0142asnego u\u017cytku osobistego.<\/p>\n<p>3. Licencja nie uprawnia Klienta w szczeg\u00f3lno\u015bci do:<\/p>\n<p>1. dalszej odsprzeda\u017cy, wynajmu, u\u017cyczenia lub innego komercyjnego udost\u0119pniania e-booka,<\/p>\n<p>2. publikowania ca\u0142o\u015bci lub istotnych fragment\u00f3w e-booka w Internecie lub innych mediach,<\/p>\n<p>3. usuwania oznacze\u0144 autorstwa, znak\u00f3w towarowych lub zastrze\u017ce\u0144 prawnych.<\/p>\n<p>4. Klient mo\u017ce wykona\u0107 kopi\u0119 zapasow\u0105 e-booka na w\u0142asne potrzeby, pod warunkiem \u017ce nie b\u0119dzie ona udost\u0119pniana osobom trzecim.<\/p>\n<h3><b>9. Reklamacje<\/b><\/h3>\n<p>1. Sprzedawca ma obowi\u0105zek dostarczy\u0107 Klientowi Produkt <b>zgodny z umow\u0105.<\/b><\/p>\n<p>2. Reklamacj\u0119 mo\u017cna z\u0142o\u017cy\u0107:<\/p>\n<p>o drog\u0105 e-mailow\u0105 na adres: wymoff.kontakt@gmail.com .<\/p>\n<p>3. W zg\u0142oszeniu reklamacyjnym Klient powinien poda\u0107:<\/p>\n<p>1. imi\u0119 i nazwisko,<\/p>\n<p>2. adres e-mail u\u017cyty przy zakupie,<\/p>\n<p>3. opis zastrze\u017ce\u0144 (np. problem z pobraniem, uszkodzony plik),<\/p>\n<p>4. dat\u0119 zakupu Produktu.<\/p>\n<p><span style=\"white-space: normal;\"> Sprzedawca ustosunkuje si\u0119 do reklamacji Konsumenta lub Przedsi\u0119biorcy na prawach konsumenta w terminie <b>14 dni<\/b> od dnia jej otrzymania. Brak odpowiedzi w tym terminie oznacza uznanie reklamacji.<\/span><\/p>\n<p><span style=\"white-space: normal;\"> W przypadku uzasadnionej reklamacji Sprzedawca:<\/span><\/p>\n<p>o udost\u0119pni Klientowi poprawn\u0105 wersj\u0119 pliku, lub<\/p>\n<p>o je\u017celi nie b\u0119dzie to mo\u017cliwe, mo\u017ce zwr\u00f3ci\u0107 Klientowi zap\u0142acon\u0105 cen\u0119.<\/p>\n<h3><b>10. Prawo odst\u0105pienia od umowy<\/b><\/h3>\n<p>1. Zgodnie z ustaw\u0105 o prawach konsumenta, Konsument (oraz Przedsi\u0119biorca na prawach konsumenta) maj\u0105 co do zasady prawo odst\u0105pi\u0107 od umowy zawartej na odleg\u0142o\u015b\u0107 w terminie <b>14 <\/b>dni bez podania przyczyny.<\/p>\n<p>2. Jednak\u017ce, na podstawie art. 38 pkt 13 tej ustawy, prawo odst\u0105pienia nie przys\u0142uguje w przypadku umowy o dostarczanie tre\u015bci cyfrowych niedostarczanych na no\u015bniku materialnym, je\u017celi spe\u0142nianie \u015bwiadczenia rozpocz\u0119\u0142o si\u0119 za wyra\u017an\u0105 zgod\u0105 konsumenta, kt\u00f3ry zosta\u0142 poinformowany przed rozpocz\u0119ciem \u015bwiadczenia, \u017ce po jego rozpocz\u0119ciu utraci prawo odst\u0105pienia od umowy.<\/p>\n<p>3. Korzystaj\u0105c ze Sklepu i dokonuj\u0105c zakupu e-booka, <b>Klient wyra\u017anie \u017c\u0105da rozpocz\u0119cia \u015bwiadczenia (dostarczenia tre\u015bci cyfrowej) przed up\u0142ywem 14-dniowego terminu do odst\u0105pienia od umowy oraz przyjmuje do wiadomo\u015bci, \u017ce z chwil\u0105 udost\u0119pnienia e-booka traci prawo do odst\u0105pienia od umowy.<\/b><\/p>\n<p>4. Informacja o utracie prawa do odst\u0105pienia jest przekazywana Klientowi <b>przed<\/b> z\u0142o\u017ceniem zam\u00f3wienia \u2013 na stronie Produktu i\/lub w formularzu zam\u00f3wienia.<\/p>\n<p>5. Je\u017celi z przyczyn technicznych e-book nie zostanie udost\u0119pniony Klientowi, postanowienia powy\u017csze nie wy\u0142\u0105czaj\u0105 prawa do reklamacji ani ewentualnego odst\u0105pienia od umowy na zasadach og\u00f3lnych.<\/p>\n<h3><b>11. Dane osobowe<\/b><\/h3>\n<p>1. Administratorem danych osobowych Klient\u00f3w jest Sprzedawca.<\/p>\n<p>2. Dane osobowe Klienta przetwarzane s\u0105 w celu:<\/p>\n<p>1. zawarcia i realizacji umowy (przetwarzanie niezb\u0119dne do wykonania umowy),<\/p>\n<p>2. obs\u0142ugi reklamacji,<\/p>\n<p>3. wype\u0142nienia obowi\u0105zk\u00f3w prawnych ci\u0105\u017c\u0105cych na Sprzedawcy (np. podatkowych).<\/p>\n<p>3. Podanie danych jest dobrowolne, ale niezb\u0119dne do zawarcia i wykonania umowy (dostarczenia e-booka).<\/p>\n<p>4. Szczeg\u00f3\u0142owe zasady przetwarzania danych osobowych oraz informacje o plikach cookies zosta\u0142y opisane w <b>Polityce prywatno\u015bci<\/b> dost\u0119pnej na stronie Sklepu.<\/p>\n<h3><b>12. Postanowienia dotycz\u0105ce plik\u00f3w cookies (skr\u00f3t)<\/b><\/h3>\n<p>1. Strona Sklepu mo\u017ce wykorzystywa\u0107 pliki cookies niezb\u0119dne do jej prawid\u0142owego dzia\u0142ania (np. zapami\u0119tanie ustawie\u0144 strony, koszyka, procesu zam\u00f3wienia, bezpiecze\u0144stwo p\u0142atno\u015bci).<\/p>\n<p>2. Klient mo\u017ce samodzielnie zarz\u0105dza\u0107 plikami cookies za pomoc\u0105 ustawie\u0144 swojej przegl\u0105darki internetowej.<\/p>\n<p>3. Szczeg\u00f3\u0142owe informacje na temat cookies znajduj\u0105 si\u0119 w Polityce prywatno\u015bci.<\/p>\n<h3><b>13. Postanowienia ko\u0144cowe<\/b><\/h3>\n<p>1. Sprzedawca zastrzega sobie prawo do zmiany Regulaminu z wa\u017cnych przyczyn, w szczeg\u00f3lno\u015bci:<\/p>\n<p>o zmiany przepis\u00f3w prawa,<\/p>\n<p>o zmiany form p\u0142atno\u015bci lub funkcjonalno\u015bci Sklepu,<\/p>\n<p>o wprowadzenia nowych produkt\u00f3w.<\/p>\n<p>2. Do um\u00f3w zawartych przed zmian\u0105 Regulaminu stosuje si\u0119 regulamin obowi\u0105zuj\u0105cy w chwili zawarcia umowy.<\/p>\n<p>3. W sprawach nieuregulowanych w Regulaminie zastosowanie maj\u0105 w szczeg\u00f3lno\u015bci:<\/p>\n<p>o Kodeks cywilny,<\/p>\n<p>o ustawa z dnia 30 maja 2014 r. o prawach konsumenta,<\/p>\n<p>o inne powszechnie obowi\u0105zuj\u0105ce przepisy prawa polskiego.<\/p>\n<p>4. Regulamin wchodzi w \u017cycie z dniem opublikowania go na stronie Sklepu.<\/p>\n<div>&nbsp;<\/div>\t\t\t\t\t\t\t\t<\/div>\n\t\t\t\t<\/div>\n\t\t\t\t<\/div>\n\t\t\t\t\t<\/div>\n\t\t\t\t<\/div>\n\t\t<div class=\"elementor-element elementor-element-f7f8452 e-flex e-con-boxed e-con e-parent\" data-id=\"f7f8452\" data-element_type=\"container\" data-e-type=\"container\">\n\t\t\t\t\t<div class=\"e-con-inner\">\n\t\t\t\t<div class=\"elementor-element elementor-element-2d8dc5f elementor-widget elementor-widget-html\" data-id=\"2d8dc5f\" data-element_type=\"widget\" data-e-type=\"widget\" data-widget_type=\"html.default\">\n\t\t\t\t\t<footer class=\"kw-footer\" role=\"contentinfo\">\r\n  <div class=\"kw-footer__inner\">\r\n    <div class=\"kw-footer__left\">\r\n      <div class=\"kw-footer__brand\">koniecwymowek.pl<\/div>\r\n      <div class=\"kw-footer__meta\">\r\n        \u00a9 <span id=\"kwYear\"><\/span> \u2022 Wszelkie prawa zastrze\u017cone\r\n      <\/div>\r\n    <\/div>\r\n\r\n    <nav class=\"kw-footer__nav\" aria-label=\"Stopka\">\r\n      <a class=\"kw-footer__link\" href=\"https:\/\/koniecwymowek.pl\/?page_id=3\">Regulamin<\/a>\r\n      <a class=\"kw-footer__link\" href=\"https:\/\/koniecwymowek.pl\/?page_id=10\">Polityka zwrot\u00f3w<\/a>\r\n      <a class=\"kw-footer__link\" href=\"https:\/\/koniecwymowek.pl\/?page_id=2\">Polityka prywatno\u015bci<\/a>\r\n      <a class=\"kw-footer__link\" href=\"https:\/\/koniecwymowek.pl\/?page_id=165\">Kontakt<\/a>\r\n    <\/nav>\r\n  <\/div>\r\n<\/footer>\r\n\r\n<style>\r\n  .kw-footer{\r\n    width:100%;\r\n    border-top:1px solid rgba(17,17,17,.12);\r\n    background:#ffffff;\r\n    padding:22px 0;\r\n  }\r\n  .kw-footer__inner{\r\n    max-width:1100px;\r\n    margin:0 auto;\r\n    padding:0 18px;\r\n    display:flex;\r\n    gap:14px;\r\n    align-items:center;\r\n    justify-content:space-between;\r\n    font-family:system-ui,-apple-system,Segoe UI,Roboto,Arial,sans-serif;\r\n    color:#111;\r\n  }\r\n  .kw-footer__brand{\r\n    font-weight:700;\r\n    font-size:14px;\r\n  }\r\n  .kw-footer__meta{\r\n    font-size:12px;\r\n    opacity:.7;\r\n    margin-top:4px;\r\n  }\r\n  .kw-footer__nav{\r\n    display:flex;\r\n    gap:16px;\r\n    flex-wrap:wrap;\r\n  }\r\n  .kw-footer__link{\r\n    font-size:13px;\r\n    font-weight:600;\r\n    text-decoration:none;\r\n    color:#111;\r\n    padding:8px 10px;\r\n    border-radius:8px;\r\n    transition:all .2s ease;\r\n  }\r\n  .kw-footer__link:hover{\r\n    background:rgba(255,107,0,.12);\r\n    color:#ff6b00;\r\n  }\r\n\r\n  @media (max-width: 640px){\r\n    .kw-footer__inner{\r\n      flex-direction:column;\r\n      align-items:flex-start;\r\n    }\r\n  }\r\n<\/style>\r\n\r\n<script>\r\n  (function(){\r\n    var y = new Date().getFullYear();\r\n    var el = document.getElementById('kwYear');\r\n    if(el) el.textContent = y;\r\n  })();\r\n<\/script>\r\n\t\t\t\t<\/div>\n\t\t\t\t\t<\/div>\n\t\t\t\t<\/div>\n\t\t\t\t<\/div>\n\t\t","protected":false},"excerpt":{"rendered":"<p>1. Dane Sprzedawcy 1. Sprzedawc\u0105 i w\u0142a\u015bcicielem Sklepu jest: Mateusz Kalinowski, zamieszka\u0142y: Po\u0142udniowa 18, Go\u015bcicino 84-241, e-mail kontaktowy: wymoff.kontakt@gmail.com . [&hellip;]<\/p>\n","protected":false},"author":1,"featured_media":0,"parent":0,"menu_order":0,"comment_status":"closed","ping_status":"open","template":"","meta":{"site-sidebar-layout":"default","site-content-layout":"","ast-site-content-layout":"default","site-content-style":"default","site-sidebar-style":"default","ast-global-header-display":"","ast-banner-title-visibility":"","ast-main-header-display":"","ast-hfb-above-header-display":"","ast-hfb-below-header-display":"","ast-hfb-mobile-header-display":"","site-post-title":"","ast-breadcrumbs-content":"","ast-featured-img":"","footer-sml-layout":"","ast-disable-related-posts":"","theme-transparent-header-meta":"","adv-header-id-meta":"","stick-header-meta":"","header-above-stick-meta":"","header-main-stick-meta":"","header-below-stick-meta":"","astra-migrate-meta-layouts":"default","ast-page-background-enabled":"default","ast-page-background-meta":{"desktop":{"background-color":"var(--ast-global-color-5)","background-image":"","background-repeat":"repeat","background-position":"center center","background-size":"auto","background-attachment":"scroll","background-type":"","background-media":"","overlay-type":"","overlay-color":"","overlay-opacity":"","overlay-gradient":""},"tablet":{"background-color":"","background-image":"","background-repeat":"repeat","background-position":"center center","background-size":"auto","background-attachment":"scroll","background-type":"","background-media":"","overlay-type":"","overlay-color":"","overlay-opacity":"","overlay-gradient":""},"mobile":{"background-color":"","background-image":"","background-repeat":"repeat","background-position":"center center","background-size":"auto","background-attachment":"scroll","background-type":"","background-media":"","overlay-type":"","overlay-color":"","overlay-opacity":"","overlay-gradient":""}},"ast-content-background-meta":{"desktop":{"background-color":"var(--ast-global-color-4)","background-image":"","background-repeat":"repeat","background-position":"center center","background-size":"auto","background-attachment":"scroll","background-type":"","background-media":"","overlay-type":"","overlay-color":"","overlay-opacity":"","overlay-gradient":""},"tablet":{"background-color":"var(--ast-global-color-4)","background-image":"","background-repeat":"repeat","background-position":"center center","background-size":"auto","background-attachment":"scroll","background-type":"","background-media":"","overlay-type":"","overlay-color":"","overlay-opacity":"","overlay-gradient":""},"mobile":{"background-color":"var(--ast-global-color-4)","background-image":"","background-repeat":"repeat","background-position":"center center","background-size":"auto","background-attachment":"scroll","background-type":"","background-media":"","overlay-type":"","overlay-color":"","overlay-opacity":"","overlay-gradient":""}},"footnotes":""},"class_list":["post-3","page","type-page","status-publish","hentry"],"jetpack_sharing_enabled":true,"_links":{"self":[{"href":"https:\/\/koniecwymowek.pl\/index.php?rest_route=\/wp\/v2\/pages\/3","targetHints":{"allow":["GET"]}}],"collection":[{"href":"https:\/\/koniecwymowek.pl\/index.php?rest_route=\/wp\/v2\/pages"}],"about":[{"href":"https:\/\/koniecwymowek.pl\/index.php?rest_route=\/wp\/v2\/types\/page"}],"author":[{"embeddable":true,"href":"https:\/\/koniecwymowek.pl\/index.php?rest_route=\/wp\/v2\/users\/1"}],"replies":[{"embeddable":true,"href":"https:\/\/koniecwymowek.pl\/index.php?rest_route=%2Fwp%2Fv2%2Fcomments&post=3"}],"version-history":[{"count":25,"href":"https:\/\/koniecwymowek.pl\/index.php?rest_route=\/wp\/v2\/pages\/3\/revisions"}],"predecessor-version":[{"id":189,"href":"https:\/\/koniecwymowek.pl\/index.php?rest_route=\/wp\/v2\/pages\/3\/revisions\/189"}],"wp:attachment":[{"href":"https:\/\/koniecwymowek.pl\/index.php?rest_route=%2Fwp%2Fv2%2Fmedia&parent=3"}],"curies":[{"name":"wp","href":"https:\/\/api.w.org\/{rel}","templated":true}]}}