{"id":227,"date":"2026-02-19T17:22:19","date_gmt":"2026-02-19T16:22:19","guid":{"rendered":"https:\/\/koniecwymowek.pl\/?page_id=227"},"modified":"2026-02-20T17:49:53","modified_gmt":"2026-02-20T16:49:53","slug":"about","status":"publish","type":"page","link":"https:\/\/koniecwymowek.pl\/?page_id=227","title":{"rendered":"O nas"},"content":{"rendered":"\t\t<div data-elementor-type=\"wp-page\" data-elementor-id=\"227\" class=\"elementor elementor-227\">\n\t\t\t\t<div class=\"elementor-element elementor-element-2ec9d630 e-con-full e-flex e-con e-parent\" data-id=\"2ec9d630\" data-element_type=\"container\" data-e-type=\"container\">\n\t\t<div class=\"elementor-element elementor-element-496edb39 e-con-full e-flex e-con e-child\" data-id=\"496edb39\" data-element_type=\"container\" data-e-type=\"container\">\n\t\t\t\t<div class=\"elementor-element elementor-element-3353e39a elementor-widget elementor-widget-heading\" data-id=\"3353e39a\" data-element_type=\"widget\" data-e-type=\"widget\" data-widget_type=\"heading.default\">\n\t\t\t\t\t<h1 class=\"elementor-heading-title elementor-size-default\">O nas<\/h1>\t\t\t\t<\/div>\n\t\t\t\t<div class=\"elementor-element elementor-element-21d3c373 elementor-widget-divider--view-line elementor-widget elementor-widget-divider\" data-id=\"21d3c373\" data-element_type=\"widget\" data-e-type=\"widget\" data-widget_type=\"divider.default\">\n\t\t\t\t\t\t\t<div class=\"elementor-divider\">\n\t\t\t<span class=\"elementor-divider-separator\">\n\t\t\t\t\t\t<\/span>\n\t\t<\/div>\n\t\t\t\t\t\t<\/div>\n\t\t\t\t<div class=\"elementor-element elementor-element-4a2fa918 elementor-widget__width-initial elementor-widget elementor-widget-text-editor\" data-id=\"4a2fa918\" data-element_type=\"widget\" data-e-type=\"widget\" data-widget_type=\"text-editor.default\">\n\t\t\t\t\t\t\t\t\t<p>KoniecWymowek.pl powsta\u0142o po to, \u017ceby\u015b przesta\u0142 odk\u0142ada\u0107 rzeczy \u201cna jutro\u201d i zacz\u0105\u0142 dzia\u0142a\u0107 \u2013 bez motywacyjnego lania wody.<\/p>\t\t\t\t\t\t\t\t<\/div>\n\t\t\t\t<\/div>\n\t\t<div class=\"elementor-element elementor-element-2ca5d2c0 e-con-full e-flex e-con e-child\" data-id=\"2ca5d2c0\" data-element_type=\"container\" data-e-type=\"container\" data-settings=\"{&quot;background_background&quot;:&quot;classic&quot;}\">\n\t\t\t\t<\/div>\n\t\t\t\t<\/div>\n\t\t<div class=\"elementor-element elementor-element-771db64c e-con-full e-flex e-con e-parent\" data-id=\"771db64c\" data-element_type=\"container\" data-e-type=\"container\">\n\t\t<div class=\"elementor-element elementor-element-94cc8e e-con-full e-flex e-con e-child\" data-id=\"94cc8e\" data-element_type=\"container\" data-e-type=\"container\">\n\t\t\t\t<div class=\"elementor-element elementor-element-4172f58f elementor-pagination-position-inside elementor-widget elementor-widget-image-carousel\" data-id=\"4172f58f\" data-element_type=\"widget\" data-e-type=\"widget\" data-settings=\"{&quot;slides_to_show&quot;:&quot;1&quot;,&quot;navigation&quot;:&quot;dots&quot;,&quot;pause_on_hover&quot;:&quot;no&quot;,&quot;pause_on_interaction&quot;:&quot;no&quot;,&quot;autoplay&quot;:&quot;yes&quot;,&quot;autoplay_speed&quot;:5000,&quot;infinite&quot;:&quot;yes&quot;,&quot;effect&quot;:&quot;slide&quot;,&quot;speed&quot;:500}\" data-widget_type=\"image-carousel.default\">\n\t\t\t\t\t\t\t<div class=\"elementor-image-carousel-wrapper swiper\" role=\"region\" aria-roledescription=\"carousel\" aria-label=\"Karuzela obrazk\u00f3w\" dir=\"ltr\">\n\t\t\t<div class=\"elementor-image-carousel swiper-wrapper swiper-image-stretch\" aria-live=\"off\">\n\t\t\t\t\t\t\t\t<div class=\"swiper-slide\" role=\"group\" aria-roledescription=\"slide\" aria-label=\"1 of 1\"><figure class=\"swiper-slide-inner\"><img decoding=\"async\" class=\"swiper-slide-image\" src=\"https:\/\/koniecwymowek.pl\/wp-content\/uploads\/2026\/02\/1763317083.png\" alt=\"1763317083\" \/><\/figure><\/div>\t\t\t<\/div>\n\t\t\t\t\t<\/div>\n\t\t\t\t\t\t<\/div>\n\t\t\t\t<\/div>\n\t\t<div class=\"elementor-element elementor-element-5c54cbf4 e-con-full e-flex e-con e-child\" data-id=\"5c54cbf4\" data-element_type=\"container\" data-e-type=\"container\">\n\t\t\t\t<div class=\"elementor-element elementor-element-3349bbd0 elementor-widget elementor-widget-heading\" data-id=\"3349bbd0\" data-element_type=\"widget\" data-e-type=\"widget\" data-widget_type=\"heading.default\">\n\t\t\t\t\t<h2 class=\"elementor-heading-title elementor-size-default\">Dlaczego stworzyli\u015bmy \u201eAnty-wym\u00f3wki\u201d?<\/h2>\t\t\t\t<\/div>\n\t\t\t\t<div class=\"elementor-element elementor-element-fb77d95 elementor-widget__width-initial elementor-widget elementor-widget-text-editor\" data-id=\"fb77d95\" data-element_type=\"widget\" data-e-type=\"widget\" data-widget_type=\"text-editor.default\">\n\t\t\t\t\t\t\t\t\t<p>Bo najcz\u0119\u015bciej nie przegrywasz z brakiem wiedzy. Przegrywasz z wym\u00f3wk\u0105, kt\u00f3ra brzmi rozs\u0105dnie: \u201enie mam czasu\u201d, \u201ezaczn\u0119 od poniedzia\u0142ku\u201d, \u201emusz\u0119 si\u0119 jeszcze przygotowa\u0107\u201d. Ten e-book pomaga rozbroi\u0107 te blokady szybko i wr\u00f3ci\u0107 na tor.<\/p>\t\t\t\t\t\t\t\t<\/div>\n\t\t\t\t<\/div>\n\t\t\t\t<\/div>\n\t\t<div class=\"elementor-element elementor-element-d561887 e-con-full e-flex e-con e-parent\" data-id=\"d561887\" data-element_type=\"container\" data-e-type=\"container\">\n\t\t<div class=\"elementor-element elementor-element-afd1bd5 e-con-full e-flex e-con e-child\" data-id=\"afd1bd5\" data-element_type=\"container\" data-e-type=\"container\">\n\t\t\t\t<div class=\"elementor-element elementor-element-3d2a1ef elementor-widget elementor-widget-heading\" data-id=\"3d2a1ef\" data-element_type=\"widget\" data-e-type=\"widget\" data-widget_type=\"heading.default\">\n\t\t\t\t\t<h2 class=\"elementor-heading-title elementor-size-default\"><strong data-start=\"2787\" data-end=\"2808\">Dla kogo to jest?<\/strong><\/h2>\t\t\t\t<\/div>\n\t\t\t\t<div class=\"elementor-element elementor-element-444b21a elementor-widget__width-initial elementor-widget elementor-widget-text-editor\" data-id=\"444b21a\" data-element_type=\"widget\" data-e-type=\"widget\" data-widget_type=\"text-editor.default\">\n\t\t\t\t\t\t\t\t\t<p>Dla os\u00f3b, kt\u00f3re chc\u0105 dzia\u0142a\u0107 konkretnie: w pracy, treningu, nauce, biznesie \u2013 i potrzebuj\u0105 prostego narz\u0119dzia, kt\u00f3re dzia\u0142a wtedy, gdy \u201csi\u0119 nie chce\u201d.<\/p>\t\t\t\t\t\t\t\t<\/div>\n\t\t\t\t<\/div>\n\t\t<div class=\"elementor-element elementor-element-af5393d e-con-full e-flex e-con e-child\" data-id=\"af5393d\" data-element_type=\"container\" data-e-type=\"container\">\n\t\t\t\t<div class=\"elementor-element elementor-element-ea8b552 elementor-pagination-position-inside elementor-widget elementor-widget-image-carousel\" data-id=\"ea8b552\" data-element_type=\"widget\" data-e-type=\"widget\" data-settings=\"{&quot;slides_to_show&quot;:&quot;1&quot;,&quot;navigation&quot;:&quot;dots&quot;,&quot;pause_on_hover&quot;:&quot;no&quot;,&quot;pause_on_interaction&quot;:&quot;no&quot;,&quot;autoplay&quot;:&quot;yes&quot;,&quot;autoplay_speed&quot;:5000,&quot;infinite&quot;:&quot;yes&quot;,&quot;effect&quot;:&quot;slide&quot;,&quot;speed&quot;:500}\" data-widget_type=\"image-carousel.default\">\n\t\t\t\t\t\t\t<div class=\"elementor-image-carousel-wrapper swiper\" role=\"region\" aria-roledescription=\"carousel\" aria-label=\"Karuzela obrazk\u00f3w\" dir=\"ltr\">\n\t\t\t<div class=\"elementor-image-carousel swiper-wrapper swiper-image-stretch\" aria-live=\"off\">\n\t\t\t\t\t\t\t\t<div class=\"swiper-slide\" role=\"group\" aria-roledescription=\"slide\" aria-label=\"1 of 1\"><figure class=\"swiper-slide-inner\"><img decoding=\"async\" class=\"swiper-slide-image\" src=\"https:\/\/koniecwymowek.pl\/wp-content\/uploads\/2026\/02\/1762094517.png\" alt=\"1762094517\" \/><\/figure><\/div>\t\t\t<\/div>\n\t\t\t\t\t<\/div>\n\t\t\t\t\t\t<\/div>\n\t\t\t\t<\/div>\n\t\t\t\t<\/div>\n\t\t<div class=\"elementor-element elementor-element-158d7f4 e-con-full e-flex e-con e-parent\" data-id=\"158d7f4\" data-element_type=\"container\" data-e-type=\"container\">\n\t\t<div class=\"elementor-element elementor-element-90d64f0 e-con-full e-flex e-con e-child\" data-id=\"90d64f0\" data-element_type=\"container\" data-e-type=\"container\">\n\t\t\t\t<div class=\"elementor-element elementor-element-d4e33d7 elementor-pagination-position-inside elementor-widget elementor-widget-image-carousel\" data-id=\"d4e33d7\" data-element_type=\"widget\" data-e-type=\"widget\" data-settings=\"{&quot;slides_to_show&quot;:&quot;1&quot;,&quot;navigation&quot;:&quot;dots&quot;,&quot;pause_on_hover&quot;:&quot;no&quot;,&quot;pause_on_interaction&quot;:&quot;no&quot;,&quot;autoplay&quot;:&quot;yes&quot;,&quot;autoplay_speed&quot;:5000,&quot;infinite&quot;:&quot;yes&quot;,&quot;effect&quot;:&quot;slide&quot;,&quot;speed&quot;:500}\" data-widget_type=\"image-carousel.default\">\n\t\t\t\t\t\t\t<div class=\"elementor-image-carousel-wrapper swiper\" role=\"region\" aria-roledescription=\"carousel\" aria-label=\"Karuzela obrazk\u00f3w\" dir=\"ltr\">\n\t\t\t<div class=\"elementor-image-carousel swiper-wrapper swiper-image-stretch\" aria-live=\"off\">\n\t\t\t\t\t\t\t\t<div class=\"swiper-slide\" role=\"group\" aria-roledescription=\"slide\" aria-label=\"1 of 1\"><figure class=\"swiper-slide-inner\"><img decoding=\"async\" class=\"swiper-slide-image\" src=\"https:\/\/koniecwymowek.pl\/wp-content\/uploads\/2026\/02\/ladny-mocup.png\" alt=\"\" \/><\/figure><\/div>\t\t\t<\/div>\n\t\t\t\t\t<\/div>\n\t\t\t\t\t\t<\/div>\n\t\t\t\t<\/div>\n\t\t<div class=\"elementor-element elementor-element-3ae2db0 e-con-full e-flex e-con e-child\" data-id=\"3ae2db0\" data-element_type=\"container\" data-e-type=\"container\">\n\t\t\t\t<div class=\"elementor-element elementor-element-ee817ad elementor-widget elementor-widget-heading\" data-id=\"ee817ad\" data-element_type=\"widget\" data-e-type=\"widget\" data-widget_type=\"heading.default\">\n\t\t\t\t\t<h2 class=\"elementor-heading-title elementor-size-default\">Jak to dzia\u0142a? (prosto)<\/h2>\t\t\t\t<\/div>\n\t\t\t\t<div class=\"elementor-element elementor-element-52f4a85 elementor-widget__width-initial elementor-widget elementor-widget-text-editor\" data-id=\"52f4a85\" data-element_type=\"widget\" data-e-type=\"widget\" data-widget_type=\"text-editor.default\">\n\t\t\t\t\t\t\t\t\t<ul><li data-start=\"2652\" data-end=\"2682\"><p data-start=\"2654\" data-end=\"2682\">rozpoznajesz swoj\u0105 wym\u00f3wk\u0119<\/p><\/li><li data-start=\"2683\" data-end=\"2716\"><p data-start=\"2685\" data-end=\"2716\">otwierasz odpowiedni fragment<\/p><\/li><\/ul><ul><li data-start=\"2717\" data-end=\"2785\"><p data-start=\"2719\" data-end=\"2785\">dostajesz gotow\u0105 kontr-strategi\u0119 i robisz pierwszy krok tu i teraz<\/p><\/li><\/ul><p>\u201eE-book jest w formacie PDF i po zakupie trafia na e-mail.\u201d<\/p>\t\t\t\t\t\t\t\t<\/div>\n\t\t\t\t<\/div>\n\t\t\t\t<\/div>\n\t\t<div class=\"elementor-element elementor-element-688c7af e-flex e-con-boxed e-con e-parent\" data-id=\"688c7af\" data-element_type=\"container\" data-e-type=\"container\">\n\t\t\t\t\t<div class=\"e-con-inner\">\n\t\t\t\t<div class=\"elementor-element elementor-element-7e0dd81 elementor-widget elementor-widget-html\" data-id=\"7e0dd81\" data-element_type=\"widget\" data-e-type=\"widget\" data-widget_type=\"html.default\">\n\t\t\t\t\t<footer class=\"kw-footer\" role=\"contentinfo\">\r\n  <div class=\"kw-footer__inner\">\r\n    <div class=\"kw-footer__left\">\r\n      <div class=\"kw-footer__brand\">koniecwymowek.pl<\/div>\r\n      <div class=\"kw-footer__meta\">\r\n        \u00a9 <span id=\"kwYear\"><\/span> \u2022 Wszelkie prawa zastrze\u017cone\r\n      <\/div>\r\n    <\/div>\r\n\r\n    <nav class=\"kw-footer__nav\" aria-label=\"Stopka\">\r\n      <a class=\"kw-footer__link\" href=\"https:\/\/koniecwymowek.pl\/?page_id=3\">Regulamin<\/a>\r\n      <a class=\"kw-footer__link\" href=\"https:\/\/koniecwymowek.pl\/?page_id=10\">Polityka zwrot\u00f3w<\/a>\r\n      <a class=\"kw-footer__link\" href=\"https:\/\/koniecwymowek.pl\/?page_id=2\">Polityka prywatno\u015bci<\/a>\r\n      <a class=\"kw-footer__link\" href=\"https:\/\/koniecwymowek.pl\/?page_id=165\">Kontakt<\/a>\r\n    <\/nav>\r\n  <\/div>\r\n<\/footer>\r\n\r\n<style>\r\n  .kw-footer{\r\n    width:100%;\r\n    border-top:1px solid rgba(17,17,17,.12);\r\n    background:#ffffff;\r\n    padding:22px 0;\r\n  }\r\n  .kw-footer__inner{\r\n    max-width:1100px;\r\n    margin:0 auto;\r\n    padding:0 18px;\r\n    display:flex;\r\n    gap:14px;\r\n    align-items:center;\r\n    justify-content:space-between;\r\n    font-family:system-ui,-apple-system,Segoe UI,Roboto,Arial,sans-serif;\r\n    color:#111;\r\n  }\r\n  .kw-footer__brand{\r\n    font-weight:700;\r\n    font-size:14px;\r\n  }\r\n  .kw-footer__meta{\r\n    font-size:12px;\r\n    opacity:.7;\r\n    margin-top:4px;\r\n  }\r\n  .kw-footer__nav{\r\n    display:flex;\r\n    gap:16px;\r\n    flex-wrap:wrap;\r\n  }\r\n  .kw-footer__link{\r\n    font-size:13px;\r\n    font-weight:600;\r\n    text-decoration:none;\r\n    color:#111;\r\n    padding:8px 10px;\r\n    border-radius:8px;\r\n    transition:all .2s ease;\r\n  }\r\n  .kw-footer__link:hover{\r\n    background:rgba(255,107,0,.12);\r\n    color:#ff6b00;\r\n  }\r\n\r\n  @media (max-width: 640px){\r\n    .kw-footer__inner{\r\n      flex-direction:column;\r\n      align-items:flex-start;\r\n    }\r\n  }\r\n<\/style>\r\n\r\n<script>\r\n  (function(){\r\n    var y = new Date().getFullYear();\r\n    var el = document.getElementById('kwYear');\r\n    if(el) el.textContent = y;\r\n  })();\r\n<\/script>\r\n\t\t\t\t<\/div>\n\t\t\t\t\t<\/div>\n\t\t\t\t<\/div>\n\t\t\t\t<\/div>\n\t\t","protected":false},"excerpt":{"rendered":"<p>O nas KoniecWymowek.pl powsta\u0142o po to, \u017ceby\u015b przesta\u0142 odk\u0142ada\u0107 rzeczy \u201cna jutro\u201d i zacz\u0105\u0142 dzia\u0142a\u0107 \u2013 bez motywacyjnego lania wody. [&hellip;]<\/p>\n","protected":false},"author":1,"featured_media":234,"parent":0,"menu_order":0,"comment_status":"closed","ping_status":"closed","template":"elementor_header_footer","meta":{"site-sidebar-layout":"default","site-content-layout":"","ast-site-content-layout":"default","site-content-style":"default","site-sidebar-style":"default","ast-global-header-display":"","ast-banner-title-visibility":"","ast-main-header-display":"","ast-hfb-above-header-display":"","ast-hfb-below-header-display":"","ast-hfb-mobile-header-display":"","site-post-title":"","ast-breadcrumbs-content":"","ast-featured-img":"","footer-sml-layout":"","ast-disable-related-posts":"","theme-transparent-header-meta":"","adv-header-id-meta":"","stick-header-meta":"","header-above-stick-meta":"","header-main-stick-meta":"","header-below-stick-meta":"","astra-migrate-meta-layouts":"default","ast-page-background-enabled":"default","ast-page-background-meta":{"desktop":{"background-color":"var(--ast-global-color-5)","background-image":"","background-repeat":"repeat","background-position":"center center","background-size":"auto","background-attachment":"scroll","background-type":"","background-media":"","overlay-type":"","overlay-color":"","overlay-opacity":"","overlay-gradient":""},"tablet":{"background-color":"","background-image":"","background-repeat":"repeat","background-position":"center center","background-size":"auto","background-attachment":"scroll","background-type":"","background-media":"","overlay-type":"","overlay-color":"","overlay-opacity":"","overlay-gradient":""},"mobile":{"background-color":"","background-image":"","background-repeat":"repeat","background-position":"center center","background-size":"auto","background-attachment":"scroll","background-type":"","background-media":"","overlay-type":"","overlay-color":"","overlay-opacity":"","overlay-gradient":""}},"ast-content-background-meta":{"desktop":{"background-color":"var(--ast-global-color-4)","background-image":"","background-repeat":"repeat","background-position":"center center","background-size":"auto","background-attachment":"scroll","background-type":"","background-media":"","overlay-type":"","overlay-color":"","overlay-opacity":"","overlay-gradient":""},"tablet":{"background-color":"var(--ast-global-color-4)","background-image":"","background-repeat":"repeat","background-position":"center center","background-size":"auto","background-attachment":"scroll","background-type":"","background-media":"","overlay-type":"","overlay-color":"","overlay-opacity":"","overlay-gradient":""},"mobile":{"background-color":"var(--ast-global-color-4)","background-image":"","background-repeat":"repeat","background-position":"center center","background-size":"auto","background-attachment":"scroll","background-type":"","background-media":"","overlay-type":"","overlay-color":"","overlay-opacity":"","overlay-gradient":""}},"footnotes":""},"class_list":["post-227","page","type-page","status-publish","has-post-thumbnail","hentry"],"jetpack_sharing_enabled":true,"_links":{"self":[{"href":"https:\/\/koniecwymowek.pl\/index.php?rest_route=\/wp\/v2\/pages\/227","targetHints":{"allow":["GET"]}}],"collection":[{"href":"https:\/\/koniecwymowek.pl\/index.php?rest_route=\/wp\/v2\/pages"}],"about":[{"href":"https:\/\/koniecwymowek.pl\/index.php?rest_route=\/wp\/v2\/types\/page"}],"author":[{"embeddable":true,"href":"https:\/\/koniecwymowek.pl\/index.php?rest_route=\/wp\/v2\/users\/1"}],"replies":[{"embeddable":true,"href":"https:\/\/koniecwymowek.pl\/index.php?rest_route=%2Fwp%2Fv2%2Fcomments&post=227"}],"version-history":[{"count":20,"href":"https:\/\/koniecwymowek.pl\/index.php?rest_route=\/wp\/v2\/pages\/227\/revisions"}],"predecessor-version":[{"id":307,"href":"https:\/\/koniecwymowek.pl\/index.php?rest_route=\/wp\/v2\/pages\/227\/revisions\/307"}],"wp:featuredmedia":[{"embeddable":true,"href":"https:\/\/koniecwymowek.pl\/index.php?rest_route=\/wp\/v2\/media\/234"}],"wp:attachment":[{"href":"https:\/\/koniecwymowek.pl\/index.php?rest_route=%2Fwp%2Fv2%2Fmedia&parent=227"}],"curies":[{"name":"wp","href":"https:\/\/api.w.org\/{rel}","templated":true}]}}